{"id":3,"date":"2020-03-30T10:35:17","date_gmt":"2020-03-30T08:35:17","guid":{"rendered":"http:\/\/www.new.arkara.law\/?page_id=3"},"modified":"2020-04-07T16:48:44","modified_gmt":"2020-04-07T14:48:44","slug":"politique-de-confidentialite","status":"publish","type":"page","link":"https:\/\/www.arkara.law\/index.php\/politique-de-confidentialite\/","title":{"rendered":"Mentions l\u00e9gales et politique de confidentialit\u00e9"},"content":{"rendered":"<p>[vc_row row_type=\u00a0\u00bbrow\u00a0\u00bb type=\u00a0\u00bbgrid\u00a0\u00bb in_content_menu=\u00a0\u00bb\u00a0\u00bb text_align=\u00a0\u00bbleft\u00a0\u00bb background_color=\u00a0\u00bb#f8f8f8&Prime; css_animation=\u00a0\u00bb\u00a0\u00bb css=\u00a0\u00bb.vc_custom_1586270800967{border-bottom-width: 30px !important;padding-top: 30px !important;}\u00a0\u00bb][vc_column][vc_column_text css=\u00a0\u00bb.vc_custom_1586270860495{padding-bottom: 30px !important;}\u00a0\u00bb]<\/p>\r\n<p>Conform\u00e9ment aux dispositions de l\u2019article 6 III 1\u00b0 de la loi n\u00b02004-575 du 21 juin 2004 pour la confiance dans l\u2019\u00e9conomie num\u00e9rique, nous vous informons que :<\/p>\r\n<ul>\r\n<li>le pr\u00e9sent site est la propri\u00e9t\u00e9 de ARKARA AVOCATS ASSOCIES<\/li>\r\n<li>Siret 75295243200017 exer\u00e7ant au 7, avenue Franklin D. Roosevelt 75008 Paris ; t\u00e9l. : 01 45 61 42 32)<\/li>\r\n<li>le directeur de la publication du site est St\u00e9phane Dayan<\/li>\r\n<li>la soci\u00e9t\u00e9 assurant l\u2019h\u00e9bergement est OVH, 2 rue Kellermann &#8211; 59100 Roubaix &#8211; France<\/li>\r\n<\/ul>\r\n<p>&nbsp;<\/p>\r\n<p><strong>Conditions g\u00e9n\u00e9rales d\u2019utilisation<\/strong><\/p>\r\n<p><strong>Pr\u00e9ambule<\/strong><\/p>\r\n<p>Les utilisateurs ne peuvent b\u00e9n\u00e9ficier des services qui leur sont propos\u00e9s sur le site que sous r\u00e9serve de l\u2019acceptation des pr\u00e9sentes conditions d\u2019utilisation. L\u2019utilisateur du site reconna\u00eet avoir pris connaissance des pr\u00e9sentes conditions d\u2019utilisation et s\u2019engage \u00e0 les respecter. L\u2019utilisateur reconna\u00eet disposer de la comp\u00e9tence et des moyens n\u00e9cessaires pour acc\u00e9der et utiliser le site.<\/p>\r\n<p>&nbsp;<\/p>\r\n<p><strong>Objet<\/strong><\/p>\r\n<p>Les pr\u00e9sentes ont pour objet de fixer les conditions d\u2019utilisation du site web accessible \u00e0 l\u2019adresse\u00a0<a href=\"https:\/\/www.arkara.law\">https:\/\/www.arkara.law<\/a>.<\/p>\r\n<p>&nbsp;<\/p>\r\n<p><strong>Entr\u00e9e en vigueur \u2013 Dur\u00e9e<\/strong><\/p>\r\n<p>Les pr\u00e9sentes conditions \u00a0d\u2019utilisation entrent en vigueur \u00e0 la date de leur mise en ligne et seront opposables \u00e0 la date de la premi\u00e8re utilisation du site par l\u2019utilisateur. Les pr\u00e9sentes conditions d\u2019utilisation sont opposables pendant toute la dur\u00e9e d\u2019utilisation du site et jusqu\u2019\u00e0 ce que de nouvelles conditions \u00a0d\u2019utilisation remplacent les pr\u00e9sentes. L\u2019utilisateur peut \u00e0 tout moment renoncer \u00e0 utiliser les services et le site mais reste responsable de toute utilisation ant\u00e9rieure.<\/p>\r\n<p>&nbsp;<\/p>\r\n<p><strong>Liens<\/strong><\/p>\r\n<p>ARKARA AVOCATS ASSOCIES se r\u00e9serve la possibilit\u00e9 de mettre en place des \u00a0liens sur son site web donnant acc\u00e8s \u00e0 des pages web autres que celles de son site. Les utilisateurs sont \u00a0inform\u00e9s que les sites auxquels ils peuvent ainsi acc\u00e9der ont \u00e9t\u00e9 s\u00e9lectionn\u00e9s pour satisfaire les exigences de l\u2019article 10-6 alin\u00e9a 6 du R\u00e8glement\u00a0 Int\u00e9rieur du Barreau de Paris\u00a0 aux termes duquel<em>\u00a0\u00ab\u00a0le site de l\u2019avocat ne peut comporter de liens hypertextes permettant d\u2019acc\u00e9der directement ou indirectement \u00e0 des sites ou \u00e0 des pages de site, dont le contenu serait contraire aux Principes Essentiels de la profession d\u2019avocat\u00a0\u00bb<\/em>.<\/p>\r\n<p>&nbsp;<\/p>\r\n<p><strong>Cookies<\/strong><\/p>\r\n<p>L\u2019utilisateur est inform\u00e9 que, lors de ses visites sur le site, un cookie peut s\u2019installer automatiquement sur son logiciel de navigation. Les cookies enregistrent certaines informations qui sont stock\u00e9es dans la m\u00e9moire du disque de l\u2019utilisateur. En aucun cas, les cookies ne contiennent d\u2019information confidentielle mais ils permettent de garder en m\u00e9moire les pages sur lesquelles l\u2019utilisateur a navigu\u00e9. L\u2019utilisateur dispose d\u2019un droit d\u2019acc\u00e8s, de retrait et de modification des donn\u00e9es personnelles le concernant communiqu\u00e9es par le biais des cookies. Le param\u00e9trage du logiciel de navigation permet d\u2019informer de la pr\u00e9sence de cookies et \u00e9ventuellement de la refuser de la mani\u00e8re d\u00e9crite \u00e0 l\u2019adresse suivante : <a href=\"http:\/\/www.cnil.fr\/\" target=\"blank\" rel=\"noopener noreferrer\">https:\/\/www.cnil.fr<\/a>.<\/p>\r\n<p>&nbsp;<\/p>\r\n<p><strong>Responsabilit\u00e9 de l\u2019\u00e9diteur<\/strong><\/p>\r\n<p>ARKARA AVOCATS ASSOCIES ne saurait \u00eatre responsable :<\/p>\r\n<ul>\r\n<li>de la qualit\u00e9 du service, le service \u00e9tant propos\u00e9 \u00ab\u00a0<em>en l\u2019\u00e9tat<\/em>\u00a0\u00bb ;<\/li>\r\n<li>de la perturbation de l\u2019utilisation du site ;<\/li>\r\n<li>de l\u2019impossibilit\u00e9 d\u2019utiliser le site ;<\/li>\r\n<li>des atteintes \u00e0 la s\u00e9curit\u00e9 informatique, pouvant causer des dommages aux mat\u00e9riels informatiques des utilisateurs et \u00e0 leurs donn\u00e9es ;<\/li>\r\n<li>de l\u2019atteinte aux droits des utilisateurs de mani\u00e8re g\u00e9n\u00e9rale.<\/li>\r\n<\/ul>\r\n<p>L\u2019\u00e9diteur du site met tout en \u0153uvre pour offrir aux utilisateurs des informations et\/ou outils disponibles et v\u00e9rifi\u00e9s mais ne saurait \u00eatre tenu pour responsable des erreurs, d\u2019une absence de disponibilit\u00e9 des informations et\/ou de la pr\u00e9sence de virus s\u00a0janvier, dont la violation est passible de sanctions p\u00e9nales sur le site. Les informations fournies par l\u2019\u00e9diteur du site ne sauraient dispenser l\u2019utilisateur d\u2019une analyse compl\u00e9mentaire et personnalis\u00e9e. L\u2019\u00e9diteur du site ne saurait garantir l\u2019exactitude, la compl\u00e9tude, l\u2019actualit\u00e9 des informations diffus\u00e9es sur le site. En cons\u00e9quence, l\u2019utilisateur reconna\u00eet utiliser ces informations sous sa responsabilit\u00e9 exclusive.<\/p>\r\n<p>&nbsp;<\/p>\r\n<p><strong>Responsabilit\u00e9 de l\u2019utilisateur<\/strong><\/p>\r\n<p>L\u2019utilisateur s\u2019engage \u00e0 n\u2019utiliser les services du site ainsi que l\u2019ensemble des informations auxquelles il pourra avoir acc\u00e8s que pour des raisons personnelles et dans un but conforme \u00e0 l\u2019ordre public, aux bonnes m\u0153urs et aux droits des tiers. L\u2019utilisateur reconna\u00eet avoir v\u00e9rifi\u00e9 que la configuration informatique qu\u2019il utilise ne contient aucun virus et qu\u2019elle est en parfait \u00e9tat de fonctionnement. L\u2019utilisateur s\u2019engage \u00e0 ne pas perturber l\u2019usage que pourraient faire les autres utilisateurs du site et de ne pas acc\u00e9der \u00e0 des parties du site dont l\u2019acc\u00e8s est r\u00e9serv\u00e9. L\u2019utilisateur s\u2019engage \u00e0 ne commettre aucun acte pouvant mettre en cause la s\u00e9curit\u00e9 informatique de ARKARA AVOCATS ASSOCIES ou des autres utilisateurs. L\u2019utilisateur s\u2019engage \u00e0 ne pas interf\u00e9rer ou interrompre le fonctionnement normal du site. L\u2019utilisateur s\u2019engage \u00e0 ne commettre aucun acte pour des raisons commerciales, politiques, de publicit\u00e9 et toute forme de sollicitation commerciale et notamment l\u2019envoi de courriers \u00e9lectroniques non sollicit\u00e9s. L\u2019utilisateur s\u2019engage \u00e0 ne pas collecter, utiliser, ou effectuer un traitement quelconque des donn\u00e9es personnelles des autres utilisateurs.<\/p>\r\n<p>&nbsp;<\/p>\r\n<p><strong>Propri\u00e9t\u00e9 intellectuelle<\/strong><\/p>\r\n<p>Les \u00e9l\u00e9ments appartenant \u00e0 ARKARA AVOCATS ASSOCIES tels que le site web, les marques, les dessins, les mod\u00e8les, les images, les textes, les photos, les logos, les chartes graphiques, les logiciels, les moteurs de recherche, les bases de donn\u00e9es, sans que cette liste ne soit exhaustive, sont sa propri\u00e9t\u00e9 exclusive. Les pr\u00e9sentes conditions d\u2019utilisation n\u2019emportent aucune cession d\u2019aucune sorte de droits de propri\u00e9t\u00e9 intellectuelle sur les \u00e9l\u00e9ments appartenant \u00e0 ARKARA AVOCATS ASSOCIES au b\u00e9n\u00e9fice de l\u2019utilisateur. Toute repr\u00e9sentation totale ou partielle du site par quelque soci\u00e9t\u00e9 que ce soit, sans l\u2019autorisation expresse de l\u2019\u00e9diteur du site, est interdite et constituerait une contrefa\u00e7on sanctionn\u00e9e par les articles L.335-2 et suivants du Code de la propri\u00e9t\u00e9 intellectuelle. Il est en de m\u00eame des bases de donn\u00e9es figurant sur le site, qui sont prot\u00e9g\u00e9es par les dispositions de la loi du 1<sup>er<\/sup>\u00a0juillet 1998 portant transposition dans le Code de la propri\u00e9t\u00e9 intellectuelle de la directive communautaire du 11 mars 1996 relative \u00e0 la protection juridique des bases de donn\u00e9es. Les marques de l\u2019\u00e9diteur du site et de ses partenaires, ainsi que les logos figurant sur le site sont des marques (semi-figuratives ou non) et sont d\u00e9pos\u00e9es. \u00a0\u00a0Toute reproduction totale ou partielle de ces marques ou de ces logos effectu\u00e9e \u00e0 partir des \u00e9l\u00e9ments du site sans l\u2019autorisation expresse de l\u2019\u00e9diteur du site est donc prohib\u00e9e par l\u2019article L.713-2 du Code de la propri\u00e9t\u00e9 intellectuelle.<\/p>\r\n<p>&nbsp;<\/p>\r\n<p><strong>Informatique et libert\u00e9s<\/strong><\/p>\r\n<p>L\u2019utilisateur est inform\u00e9 que, conform\u00e9ment \u00e0 l\u2019article 32 de la loi Informatique, fichiers et libert\u00e9s du 6 janvier 1978 modifi\u00e9e, les informations qu\u2019il communique du fait des formulaires pr\u00e9sents sur le site sont n\u00e9cessaires pour r\u00e9pondre \u00e0 sa demande et sont destin\u00e9es \u00e0 l\u2019\u00e9diteur du site, responsable de traitement, \u00e0 des fins de gestion administrative et commerciale. L\u2019utilisateur est inform\u00e9 qu\u2019il dispose d\u2019un droit d\u2019interrogation, d\u2019acc\u00e8s, de rectification et d\u2019un droit d\u2019opposition pour motif l\u00e9gitime portant sur les donn\u00e9es \u00e0 caract\u00e8re personnel le concernant en \u00e9crivant \u00e0 l\u2019adresse suivante :\u00a0 ARKARA AVOCATS ASSOCIES ou <a href=\"mailto:sdayan@arkara.law\">arkaraavocats@gmail.com<\/a>, accompagn\u00e9 d\u2019une copie d\u2019un titre d\u2019identit\u00e9. L\u2019utilisateur est tenu de respecter les dispositions de la loi relative \u00e0 l\u2019Informatique, aux fichiers et aux libert\u00e9s du 6 janvier 1978 modifi\u00e9e, dont la violation est passible de sanctions p\u00e9nales. Il doit notamment s\u2019abstenir, s\u2019agissant des donn\u00e9es \u00e0 caract\u00e8re personnel auxquelles il acc\u00e8de, de toute collecte, de toute utilisation d\u00e9tourn\u00e9e et, d\u2019une mani\u00e8re g\u00e9n\u00e9rale, de tout acte susceptible de porter atteinte \u00e0 la vie priv\u00e9e ou \u00e0 la r\u00e9putation des personnes.<\/p>\r\n<p>&nbsp;<\/p>\r\n<p><strong>Loi et juridiction<\/strong><\/p>\r\n<p>Les pr\u00e9sentes conditions d\u2019utilisation sont r\u00e9gies par la loi fran\u00e7aise. Il en est ainsi pour les r\u00e8gles de fond comme pour les r\u00e8gles de forme. Tout litige r\u00e9sultant de l\u2019application des pr\u00e9sentes conditions d\u2019utilisation rel\u00e8vera de la comp\u00e9tence des juridictions fran\u00e7aises.<\/p>\r\n<p><strong><br \/>Cr\u00e9dits<\/strong><\/p>\r\n<h4>Site Internet<\/h4>\r\n<p><a href=\"https:\/\/www.atalka.com\">Cr\u00e9ation Agence ATALKA<\/a><br \/>H\u00e9bergement du site Internet : OVH<\/p>\r\n<p>&nbsp;<\/p>\r\n<p><strong>Droit applicable<\/strong><\/p>\r\n<p>Les pr\u00e9sentes conditions g\u00e9n\u00e9rales sont soumises au droit fran\u00e7ais. La langue des conditions g\u00e9n\u00e9rales est la langue fran\u00e7aise. En cas de litige, les tribunaux fran\u00e7ais sont seuls comp\u00e9tents.<\/p>\r\n<p><strong><u>Mention relative au m\u00e9diateur des avocats<\/u><\/strong><\/p>\r\n<p>L\u2019ordonnance n\u00b0 2015-103 du 20 ao\u00fbt 2015 relative au r\u00e8glement extrajudiciaire des litiges de consommation et le d\u00e9cret n\u00b0 2015-1382 du 30 octobre 2015 relatif \u00e0 la m\u00e9diation des litiges de la consommation consacrent le droit pour tout consommateur de recourir gratuitement \u00e0 un m\u00e9diateur de la consommation en vue de la r\u00e9solution amiable du litige qui l\u2019oppose \u00e0 un professionnel<\/p>\r\n<p>Le site du m\u00e9diateur des avocats est accessible via le lien suivant\u00a0: <a href=\"https:\/\/mediateur-consommation-avocat.fr\/\">https:\/\/mediateur-consommation-avocat.fr\/<\/a><\/p>\r\n<h2><\/h2>\r\n<p>[\/vc_column_text][\/vc_column][\/vc_row][vc_row row_type=\u00a0\u00bbrow\u00a0\u00bb type=\u00a0\u00bbfull_width\u00a0\u00bb in_content_menu=\u00a0\u00bb\u00a0\u00bb text_align=\u00a0\u00bbleft\u00a0\u00bb css_animation=\u00a0\u00bb\u00a0\u00bb][vc_column][vc_empty_space height=\u00a0\u00bb42px\u00a0\u00bb][\/vc_column][\/vc_row][vc_row row_type=\u00a0\u00bbrow\u00a0\u00bb type=\u00a0\u00bbgrid\u00a0\u00bb in_content_menu=\u00a0\u00bb\u00a0\u00bb text_align=\u00a0\u00bbleft\u00a0\u00bb css_animation=\u00a0\u00bb\u00a0\u00bb][vc_column][vc_column_text]<\/p>\r\n<p><strong>Loi sur la protection des donn\u00e9es priv\u00e9es<\/strong><\/p>\r\n<p><i><span style=\"font-size: large;\">La r\u00e9cente r\u00e9glementation relative \u00e0 la protection des donn\u00e9es personnelles impose de pr\u00e9ciser les modalit\u00e9s de mises en \u0153uvre de traitement de donn\u00e9es pour respecter le RGPD. Il est notamment demand\u00e9 d\u2019informer l\u2019internaute sur l\u2019auteur de la protection, le contenu prot\u00e9g\u00e9, les motifs de r\u00e9cup\u00e9ration de donn\u00e9es, leurs conditions de stockage, dur\u00e9e de conservation.<\/span><\/i><\/p>\r\n<p>&nbsp;<\/p>\r\n<p>Le site internet peut recueillir automatiquement des informations via son onglet Contact.<\/p>\r\n<p>&nbsp;<\/p>\r\n<p>ARKARA AVOCATS ASSOCIES est la seule entit\u00e9 responsable pouvant recueillir et utiliser ces m\u00eames donn\u00e9es.<\/p>\r\n<p>&nbsp;<\/p>\r\n<p>L\u2019utilisation et la demande de ces informations sont exclusivement relatives \u00e0 la loi qui exige de toute entreprise la r\u00e9alisation d\u2019une facture contenant les donn\u00e9es du client.<\/p>\r\n<p>&nbsp;<\/p>\r\n<p>Nous gardons comme information le nom et pr\u00e9nom et adresse e-mail. Selon l\u2019article L123-22 du code de commerce, les factures doivent \u00eatre gard\u00e9es 10 ans \u00e0 partir de la cl\u00f4ture de l\u2019exercice. Et selon l\u2019Article L110-4 du code de commerce, le contrat conclu dans le cadre d\u2019une relation commerciale doit \u00eatre gard\u00e9 pendant 5 ans. L\u2019article 1734 du Code g\u00e9n\u00e9ral des imp\u00f4ts pr\u00e9cise qu\u2019une \u00ab amende de [5 000 euros] est applicable en cas d\u2019absence de tenue [des] documents [demand\u00e9s par l\u2019administration dans l\u2019exercice de son droit de communication] ou de destruction de ceux-ci avant les d\u00e9lais prescrits.<\/p>\r\n<p>&nbsp;<\/p>\r\n<p>ARKARA AVOCATS ASSOCIES s\u2019engage \u00e0 utiliser ces donn\u00e9es seulement dans le cadre d\u2019une obligation l\u00e9gale (facture, devis, contrat), et pour assurer la prestation aupr\u00e8s de ses clients (\u00e9changes par email, courrier , t\u00e9l\u00e9phone). Aucune prospection ou diffusion de donn\u00e9es ne sera r\u00e9alis\u00e9e et les informations recueillies ne pourront \u00eatre utilis\u00e9es pour aucun type de diffusion ou de prospection avec autrui (physique ou moral) sans autorisation pr\u00e9alable du client.<\/p>\r\n<p>&nbsp;<\/p>\r\n<p>L\u2019utilisateur dispose d\u2019un droit de modification, de rectification et de suppression des donn\u00e9es qui le concerne (art.34 de la loi \u00ab Informatique et Libert\u00e9s \u00bb). Pour l\u2019exercer, merci d\u2019adresser un courrier en recommand\u00e9 \u00e0 ARKARA AVOCATS ASSOCIES.<\/p>\r\n<p>&nbsp;<\/p>\r\n<p>Tout litige en relation avec l\u2019utilisation de ce site est soumis au droit fran\u00e7ais. Il est fait attribution exclusive de juridiction aux tribunaux comp\u00e9tents de Paris.<\/p>\r\n<p>[\/vc_column_text][\/vc_column][\/vc_row][vc_row row_type=\u00a0\u00bbrow\u00a0\u00bb type=\u00a0\u00bbfull_width\u00a0\u00bb in_content_menu=\u00a0\u00bb\u00a0\u00bb text_align=\u00a0\u00bbleft\u00a0\u00bb css_animation=\u00a0\u00bb\u00a0\u00bb][vc_column][vc_empty_space height=\u00a0\u00bb52px\u00a0\u00bb][\/vc_column][\/vc_row]<\/p>","protected":false},"excerpt":{"rendered":"<p>[vc_row row_type=\u00a0\u00bbrow\u00a0\u00bb type=\u00a0\u00bbgrid\u00a0\u00bb in_content_menu=\u00a0\u00bb\u00a0\u00bb text_align=\u00a0\u00bbleft\u00a0\u00bb background_color=\u00a0\u00bb#f8f8f8&Prime; css_animation=\u00a0\u00bb\u00a0\u00bb css=\u00a0\u00bb.vc_custom_1586270800967{border-bottom-width: 30px !important;padding-top: 30px !important;}\u00a0\u00bb][vc_column][vc_column_text css=\u00a0\u00bb.vc_custom_1586270860495{padding-bottom: 30px !important;}\u00a0\u00bb] Conform\u00e9ment aux dispositions de l\u2019article 6 III 1\u00b0 de la loi n\u00b02004-575 du 21 juin 2004 pour la confiance dans l\u2019\u00e9conomie num\u00e9rique, nous vous informons que : le pr\u00e9sent site&#8230;<\/p>\n","protected":false},"author":1,"featured_media":0,"parent":0,"menu_order":0,"comment_status":"closed","ping_status":"open","template":"full_width.php","meta":[],"yoast_head":"<!-- This site is optimized with the Yoast SEO plugin v15.9.1 - https:\/\/yoast.com\/wordpress\/plugins\/seo\/ -->\n<title>Mentions l\u00e9gales et politique de confidentialit\u00e9 - ARKARA - Avocats Associ\u00e9s<\/title>\n<link rel=\"canonical\" href=\"https:\/\/www.arkara.law\/index.php\/politique-de-confidentialite\/\" \/>\n<meta property=\"og:locale\" content=\"fr_FR\" \/>\n<meta property=\"og:type\" content=\"article\" \/>\n<meta property=\"og:title\" content=\"Mentions l\u00e9gales et politique de confidentialit\u00e9 - ARKARA - Avocats Associ\u00e9s\" \/>\n<meta property=\"og:description\" content=\"[vc_row row_type=\u00a0\u00bbrow\u00a0\u00bb type=\u00a0\u00bbgrid\u00a0\u00bb in_content_menu=\u00a0\u00bb\u00a0\u00bb text_align=\u00a0\u00bbleft\u00a0\u00bb background_color=\u00a0\u00bb#f8f8f8&Prime; css_animation=\u00a0\u00bb\u00a0\u00bb css=\u00a0\u00bb.vc_custom_1586270800967{border-bottom-width: 30px !important;padding-top: 30px !important;}\u00a0\u00bb][vc_column][vc_column_text css=\u00a0\u00bb.vc_custom_1586270860495{padding-bottom: 30px !important;}\u00a0\u00bb] Conform\u00e9ment aux dispositions de l\u2019article 6 III 1\u00b0 de la loi n\u00b02004-575 du 21 juin 2004 pour la confiance dans l\u2019\u00e9conomie num\u00e9rique, nous vous informons que : le pr\u00e9sent site...\" \/>\n<meta property=\"og:url\" content=\"https:\/\/www.arkara.law\/index.php\/politique-de-confidentialite\/\" \/>\n<meta property=\"og:site_name\" content=\"ARKARA - Avocats Associ\u00e9s\" \/>\n<meta property=\"article:modified_time\" content=\"2020-04-07T14:48:44+00:00\" \/>\n<meta name=\"twitter:card\" content=\"summary_large_image\" \/>\n<meta name=\"twitter:label1\" content=\"Dur\u00e9e de lecture est.\">\n\t<meta name=\"twitter:data1\" content=\"10 minutes\">\n<script type=\"application\/ld+json\" class=\"yoast-schema-graph\">{\"@context\":\"https:\/\/schema.org\",\"@graph\":[{\"@type\":\"WebSite\",\"@id\":\"https:\/\/www.arkara.law\/#website\",\"url\":\"https:\/\/www.arkara.law\/\",\"name\":\"ARKARA - Avocats Associ\\u00e9s\",\"description\":\"Cabinet d&#039;avocats en droit des affaires\",\"potentialAction\":[{\"@type\":\"SearchAction\",\"target\":\"https:\/\/www.arkara.law\/?s={search_term_string}\",\"query-input\":\"required name=search_term_string\"}],\"inLanguage\":\"fr-FR\"},{\"@type\":\"WebPage\",\"@id\":\"https:\/\/www.arkara.law\/index.php\/politique-de-confidentialite\/#webpage\",\"url\":\"https:\/\/www.arkara.law\/index.php\/politique-de-confidentialite\/\",\"name\":\"Mentions l\\u00e9gales et politique de confidentialit\\u00e9 - ARKARA - Avocats Associ\\u00e9s\",\"isPartOf\":{\"@id\":\"https:\/\/www.arkara.law\/#website\"},\"datePublished\":\"2020-03-30T08:35:17+00:00\",\"dateModified\":\"2020-04-07T14:48:44+00:00\",\"breadcrumb\":{\"@id\":\"https:\/\/www.arkara.law\/index.php\/politique-de-confidentialite\/#breadcrumb\"},\"inLanguage\":\"fr-FR\",\"potentialAction\":[{\"@type\":\"ReadAction\",\"target\":[\"https:\/\/www.arkara.law\/index.php\/politique-de-confidentialite\/\"]}]},{\"@type\":\"BreadcrumbList\",\"@id\":\"https:\/\/www.arkara.law\/index.php\/politique-de-confidentialite\/#breadcrumb\",\"itemListElement\":[{\"@type\":\"ListItem\",\"position\":1,\"item\":{\"@type\":\"WebPage\",\"@id\":\"https:\/\/www.arkara.law\/\",\"url\":\"https:\/\/www.arkara.law\/\",\"name\":\"Accueil\"}},{\"@type\":\"ListItem\",\"position\":2,\"item\":{\"@type\":\"WebPage\",\"@id\":\"https:\/\/www.arkara.law\/index.php\/politique-de-confidentialite\/\",\"url\":\"https:\/\/www.arkara.law\/index.php\/politique-de-confidentialite\/\",\"name\":\"Mentions l\\u00e9gales et politique de confidentialit\\u00e9\"}}]}]}<\/script>\n<!-- \/ Yoast SEO plugin. -->","_links":{"self":[{"href":"https:\/\/www.arkara.law\/index.php\/wp-json\/wp\/v2\/pages\/3"}],"collection":[{"href":"https:\/\/www.arkara.law\/index.php\/wp-json\/wp\/v2\/pages"}],"about":[{"href":"https:\/\/www.arkara.law\/index.php\/wp-json\/wp\/v2\/types\/page"}],"author":[{"embeddable":true,"href":"https:\/\/www.arkara.law\/index.php\/wp-json\/wp\/v2\/users\/1"}],"replies":[{"embeddable":true,"href":"https:\/\/www.arkara.law\/index.php\/wp-json\/wp\/v2\/comments?post=3"}],"version-history":[{"count":11,"href":"https:\/\/www.arkara.law\/index.php\/wp-json\/wp\/v2\/pages\/3\/revisions"}],"predecessor-version":[{"id":18103,"href":"https:\/\/www.arkara.law\/index.php\/wp-json\/wp\/v2\/pages\/3\/revisions\/18103"}],"wp:attachment":[{"href":"https:\/\/www.arkara.law\/index.php\/wp-json\/wp\/v2\/media?parent=3"}],"curies":[{"name":"wp","href":"https:\/\/api.w.org\/{rel}","templated":true}]}}